{"id":142,"date":"2025-06-10T13:44:01","date_gmt":"2025-06-10T16:44:01","guid":{"rendered":"https:\/\/www.brazmac.com.br\/?page_id=142"},"modified":"2025-08-06T17:18:25","modified_gmt":"2025-08-06T20:18:25","slug":"fale-conosco","status":"publish","type":"page","link":"https:\/\/www.brazmac.com.br\/?page_id=142","title":{"rendered":"Fale conosco"},"content":{"rendered":"<style id=\"wpforms-css-vars-277-block-30a418d6-c5b9-412c-bb7a-01e5a6a0dd08\">\n\t\t\t\t#wpforms-277.wpforms-block-30a418d6-c5b9-412c-bb7a-01e5a6a0dd08 {\n\t\t\t\t--wpforms-field-size-input-height: 43px;\n--wpforms-field-size-input-spacing: 15px;\n--wpforms-field-size-font-size: 16px;\n--wpforms-field-size-line-height: 19px;\n--wpforms-field-size-padding-h: 14px;\n--wpforms-field-size-checkbox-size: 16px;\n--wpforms-field-size-sublabel-spacing: 5px;\n--wpforms-field-size-icon-size: 1;\n--wpforms-label-size-font-size: 16px;\n--wpforms-label-size-line-height: 19px;\n--wpforms-label-size-sublabel-font-size: 14px;\n--wpforms-label-size-sublabel-line-height: 17px;\n--wpforms-button-size-font-size: 17px;\n--wpforms-button-size-height: 41px;\n--wpforms-button-size-padding-h: 15px;\n--wpforms-button-size-margin-top: 10px;\n\t\t\t}\n\t\t\t<\/style><div class=\"wpforms-container wpforms-container-full wpforms-block wpforms-block-30a418d6-c5b9-412c-bb7a-01e5a6a0dd08 wpforms-render-modern\" id=\"wpforms-277\"><form id=\"wpforms-form-277\" class=\"wpforms-validate wpforms-form wpforms-ajax-form\" data-formid=\"277\" method=\"post\" enctype=\"multipart\/form-data\" action=\"\/index.php?rest_route=%2Fwp%2Fv2%2Fpages%2F142\" data-token=\"0628905a0ca1e9e0d4fccda4507beeff\" data-token-time=\"1778916572\"><noscript class=\"wpforms-error-noscript\">Ative o JavaScript no seu navegador para preencher este formul\u00e1rio.<\/noscript><div id=\"wpforms-error-noscript\" style=\"display: none;\">Ative o JavaScript no seu navegador para preencher este formul\u00e1rio.<\/div><div class=\"wpforms-field-container\"><div id=\"wpforms-277-field_1-container\" class=\"wpforms-field wpforms-field-name\" data-field-id=\"1\"><fieldset><legend class=\"wpforms-field-label\">Nome <span class=\"wpforms-required-label\" aria-hidden=\"true\">*<\/span><\/legend><div class=\"wpforms-field-row wpforms-field-medium\"><div class=\"wpforms-field-row-block wpforms-first wpforms-one-half\"><input type=\"text\" id=\"wpforms-277-field_1\" class=\"wpforms-field-name-first wpforms-field-required\" name=\"wpforms[fields][1][first]\" aria-errormessage=\"wpforms-277-field_1-error\" required><label for=\"wpforms-277-field_1\" class=\"wpforms-field-sublabel after\">Nome<\/label><\/div><div class=\"wpforms-field-row-block wpforms-one-half\"><input type=\"text\" id=\"wpforms-277-field_1-last\" class=\"wpforms-field-name-last wpforms-field-required\" name=\"wpforms[fields][1][last]\" aria-errormessage=\"wpforms-277-field_1-last-error\" required><label for=\"wpforms-277-field_1-last\" class=\"wpforms-field-sublabel after\">Sobrenome<\/label><\/div><\/div><\/fieldset><\/div>\t\t<div id=\"wpforms-277-field_6-container\"\n\t\t\tclass=\"wpforms-field wpforms-field-text\"\n\t\t\tdata-field-type=\"text\"\n\t\t\tdata-field-id=\"6\"\n\t\t\t>\n\t\t\t<label class=\"wpforms-field-label\" for=\"wpforms-277-field_6\" >ou E-mail Por<\/label>\n\t\t\t<input type=\"text\" id=\"wpforms-277-field_6\" class=\"wpforms-field-medium\" name=\"wpforms[fields][6]\" >\n\t\t<\/div>\n\t\t<div id=\"wpforms-277-field_5-container\" class=\"wpforms-field wpforms-field-number\" data-field-id=\"5\"><label class=\"wpforms-field-label\" for=\"wpforms-277-field_5\">Telefone \/ WhatsApp <span class=\"wpforms-required-label\" aria-hidden=\"true\">*<\/span><\/label><input type=\"number\" id=\"wpforms-277-field_5\" class=\"wpforms-field-medium wpforms-field-required\" name=\"wpforms[fields][5]\" step=\"any\" aria-errormessage=\"wpforms-277-field_5-error\" aria-describedby=\"wpforms-277-field_5-description\" required><div id=\"wpforms-277-field_5-description\" class=\"wpforms-field-description\">(XX) 9 XXXX-XXXX<\/div><\/div><div id=\"wpforms-277-field_2-container\" class=\"wpforms-field wpforms-field-email\" data-field-id=\"2\"><label class=\"wpforms-field-label\" for=\"wpforms-277-field_2\">E-mail <span class=\"wpforms-required-label\" aria-hidden=\"true\">*<\/span><\/label><input type=\"email\" id=\"wpforms-277-field_2\" class=\"wpforms-field-medium wpforms-field-required\" name=\"wpforms[fields][2]\" spellcheck=\"false\" aria-errormessage=\"wpforms-277-field_2-error\" required><\/div><div id=\"wpforms-277-field_4-container\" class=\"wpforms-field wpforms-field-radio wpforms-list-inline\" data-field-id=\"4\"><fieldset><legend class=\"wpforms-field-label\">Por onde conheceu a BRAZMAC? <span class=\"wpforms-required-label\" aria-hidden=\"true\">*<\/span><\/legend><ul id=\"wpforms-277-field_4\" class=\"wpforms-field-required wpforms-icon-choices wpforms-icon-choices-modern wpforms-icon-choices-medium\" style=\"--wpforms-icon-choices-color: #066aab;\"><li class=\"choice-1 depth-1 wpforms-icon-choices-item\"><label class=\"wpforms-field-label-inline\" for=\"wpforms-277-field_4_1\">\n\t\t\t\t<span class=\"wpforms-icon-choices-icon\">\n\t\t\t\t\t<svg xmlns=\"http:\/\/www.w3.org\/2000\/svg\" width=\"60\" height=\"48\" viewBox=\"0 0 448 512\"><!--! Font Awesome Free 6.4.0 by @fontawesome - https:\/\/fontawesome.com License - https:\/\/fontawesome.com\/license\/free (Icons: CC BY 4.0, Fonts: SIL OFL 1.1, Code: MIT License) Copyright 2023 Fonticons, Inc. --><path d=\"M224.1 141c-63.6 0-114.9 51.3-114.9 114.9s51.3 114.9 114.9 114.9S339 319.5 339 255.9 287.7 141 224.1 141zm0 189.6c-41.1 0-74.7-33.5-74.7-74.7s33.5-74.7 74.7-74.7 74.7 33.5 74.7 74.7-33.6 74.7-74.7 74.7zm146.4-194.3c0 14.9-12 26.8-26.8 26.8-14.9 0-26.8-12-26.8-26.8s12-26.8 26.8-26.8 26.8 12 26.8 26.8zm76.1 27.2c-1.7-35.9-9.9-67.7-36.2-93.9-26.2-26.2-58-34.4-93.9-36.2-37-2.1-147.9-2.1-184.9 0-35.8 1.7-67.6 9.9-93.9 36.1s-34.4 58-36.2 93.9c-2.1 37-2.1 147.9 0 184.9 1.7 35.9 9.9 67.7 36.2 93.9s58 34.4 93.9 36.2c37 2.1 147.9 2.1 184.9 0 35.9-1.7 67.7-9.9 93.9-36.2 26.2-26.2 34.4-58 36.2-93.9 2.1-37 2.1-147.8 0-184.8zM398.8 388c-7.8 19.6-22.9 34.7-42.6 42.6-29.5 11.7-99.5 9-132.1 9s-102.7 2.6-132.1-9c-19.6-7.8-34.7-22.9-42.6-42.6-11.7-29.5-9-99.5-9-132.1s-2.6-102.7 9-132.1c7.8-19.6 22.9-34.7 42.6-42.6 29.5-11.7 99.5-9 132.1-9s102.7-2.6 132.1 9c19.6 7.8 34.7 22.9 42.6 42.6 11.7 29.5 9 99.5 9 132.1s2.7 102.7-9 132.1z\"\/><\/svg>\n\t\t\t\t\t<span class=\"wpforms-icon-choices-icon-bg\"><\/span>\n\t\t\t\t<\/span>\n\t\t\t\t<input type=\"radio\" id=\"wpforms-277-field_4_1\" class=\"wpforms-screen-reader-element\" name=\"wpforms[fields][4]\" value=\"Instagram\" aria-errormessage=\"wpforms-277-field_4_1-error\" required >\n\t\t\t\t<span class=\"wpforms-icon-choices-label\">Instagram<\/span>\n\t\t\t<\/label><\/li><li class=\"choice-2 depth-1 wpforms-icon-choices-item\"><label class=\"wpforms-field-label-inline\" for=\"wpforms-277-field_4_2\">\n\t\t\t\t<span class=\"wpforms-icon-choices-icon\">\n\t\t\t\t\t<svg xmlns=\"http:\/\/www.w3.org\/2000\/svg\" width=\"60\" height=\"48\" viewBox=\"0 0 488 512\"><!--! Font Awesome Free 6.4.0 by @fontawesome - https:\/\/fontawesome.com License - https:\/\/fontawesome.com\/license\/free (Icons: CC BY 4.0, Fonts: SIL OFL 1.1, Code: MIT License) Copyright 2023 Fonticons, Inc. --><path d=\"M488 261.8C488 403.3 391.1 504 248 504 110.8 504 0 393.2 0 256S110.8 8 248 8c66.8 0 123 24.5 166.3 64.9l-67.5 64.9C258.5 52.6 94.3 116.6 94.3 256c0 86.5 69.1 156.6 153.7 156.6 98.2 0 135-70.4 140.8-106.9H248v-85.3h236.1c2.3 12.7 3.9 24.9 3.9 41.4z\"\/><\/svg>\n\t\t\t\t\t<span class=\"wpforms-icon-choices-icon-bg\"><\/span>\n\t\t\t\t<\/span>\n\t\t\t\t<input type=\"radio\" id=\"wpforms-277-field_4_2\" class=\"wpforms-screen-reader-element\" name=\"wpforms[fields][4]\" value=\"Google\" aria-errormessage=\"wpforms-277-field_4_2-error\" required >\n\t\t\t\t<span class=\"wpforms-icon-choices-label\">Google<\/span>\n\t\t\t<\/label><\/li><li class=\"choice-3 depth-1 wpforms-icon-choices-item\"><label class=\"wpforms-field-label-inline\" for=\"wpforms-277-field_4_3\">\n\t\t\t\t<span class=\"wpforms-icon-choices-icon\">\n\t\t\t\t\t<svg xmlns=\"http:\/\/www.w3.org\/2000\/svg\" width=\"60\" height=\"48\" viewBox=\"0 0 640 512\"><!--! Font Awesome Free 6.4.0 by @fontawesome - https:\/\/fontawesome.com License - https:\/\/fontawesome.com\/license\/free (Icons: CC BY 4.0, Fonts: SIL OFL 1.1, Code: MIT License) Copyright 2023 Fonticons, Inc. --><path d=\"M72 88a56 56 0 1 1 112 0A56 56 0 1 1 72 88zM64 245.7C54 256.9 48 271.8 48 288s6 31.1 16 42.3V245.7zm144.4-49.3C178.7 222.7 160 261.2 160 304c0 34.3 12 65.8 32 90.5V416c0 17.7-14.3 32-32 32H96c-17.7 0-32-14.3-32-32V389.2C26.2 371.2 0 332.7 0 288c0-61.9 50.1-112 112-112h32c24 0 46.2 7.5 64.4 20.3zM448 416V394.5c20-24.7 32-56.2 32-90.5c0-42.8-18.7-81.3-48.4-107.7C449.8 183.5 472 176 496 176h32c61.9 0 112 50.1 112 112c0 44.7-26.2 83.2-64 101.2V416c0 17.7-14.3 32-32 32H480c-17.7 0-32-14.3-32-32zm8-328a56 56 0 1 1 112 0A56 56 0 1 1 456 88zM576 245.7v84.7c10-11.3 16-26.1 16-42.3s-6-31.1-16-42.3zM320 32a64 64 0 1 1 0 128 64 64 0 1 1 0-128zM240 304c0 16.2 6 31 16 42.3V261.7c-10 11.3-16 26.1-16 42.3zm144-42.3v84.7c10-11.3 16-26.1 16-42.3s-6-31.1-16-42.3zM448 304c0 44.7-26.2 83.2-64 101.2V448c0 17.7-14.3 32-32 32H288c-17.7 0-32-14.3-32-32V405.2c-37.8-18-64-56.5-64-101.2c0-61.9 50.1-112 112-112h32c61.9 0 112 50.1 112 112z\"\/><\/svg>\n\t\t\t\t\t<span class=\"wpforms-icon-choices-icon-bg\"><\/span>\n\t\t\t\t<\/span>\n\t\t\t\t<input type=\"radio\" id=\"wpforms-277-field_4_3\" class=\"wpforms-screen-reader-element\" name=\"wpforms[fields][4]\" value=\"Indica\u00e7\u00e3o\" aria-errormessage=\"wpforms-277-field_4_3-error\" required >\n\t\t\t\t<span class=\"wpforms-icon-choices-label\">Indica\u00e7\u00e3o<\/span>\n\t\t\t<\/label><\/li><li class=\"choice-4 depth-1 wpforms-icon-choices-item wpforms-selected\"><label class=\"wpforms-field-label-inline\" for=\"wpforms-277-field_4_4\">\n\t\t\t\t<span class=\"wpforms-icon-choices-icon\">\n\t\t\t\t\t<svg xmlns=\"http:\/\/www.w3.org\/2000\/svg\" width=\"60\" height=\"48\" viewBox=\"0 0 512 512\"><!--! Font Awesome Free 6.4.0 by @fontawesome - https:\/\/fontawesome.com License - https:\/\/fontawesome.com\/license\/free (Icons: CC BY 4.0, Fonts: SIL OFL 1.1, Code: MIT License) Copyright 2023 Fonticons, Inc. --><path d=\"M471.6 21.7c-21.9-21.9-57.3-21.9-79.2 0L362.3 51.7l97.9 97.9 30.1-30.1c21.9-21.9 21.9-57.3 0-79.2L471.6 21.7zm-299.2 220c-6.1 6.1-10.8 13.6-13.5 21.9l-29.6 88.8c-2.9 8.6-.6 18.1 5.8 24.6s15.9 8.7 24.6 5.8l88.8-29.6c8.2-2.7 15.7-7.4 21.9-13.5L437.7 172.3 339.7 74.3 172.4 241.7zM96 64C43 64 0 107 0 160V416c0 53 43 96 96 96H352c53 0 96-43 96-96V320c0-17.7-14.3-32-32-32s-32 14.3-32 32v96c0 17.7-14.3 32-32 32H96c-17.7 0-32-14.3-32-32V160c0-17.7 14.3-32 32-32h96c17.7 0 32-14.3 32-32s-14.3-32-32-32H96z\"\/><\/svg>\n\t\t\t\t\t<span class=\"wpforms-icon-choices-icon-bg\"><\/span>\n\t\t\t\t<\/span>\n\t\t\t\t<input type=\"radio\" id=\"wpforms-277-field_4_4\" class=\"wpforms-screen-reader-element\" name=\"wpforms[fields][4]\" value=\"Outro\" aria-errormessage=\"wpforms-277-field_4_4-error\" required  checked='checked'>\n\t\t\t\t<span class=\"wpforms-icon-choices-label\">Outro<\/span>\n\t\t\t<\/label><\/li><\/ul><\/fieldset><\/div><div id=\"wpforms-277-field_3-container\" class=\"wpforms-field wpforms-field-textarea\" data-field-id=\"3\"><label class=\"wpforms-field-label\" for=\"wpforms-277-field_3\">Deixe sua mensagem ou or\u00e7amento: <span class=\"wpforms-required-label\" aria-hidden=\"true\">*<\/span><\/label><textarea id=\"wpforms-277-field_3\" class=\"wpforms-field-medium wpforms-field-required\" name=\"wpforms[fields][3]\" aria-errormessage=\"wpforms-277-field_3-error\" required><\/textarea><\/div><script>\n\t\t\t\t( function() {\n\t\t\t\t\tconst style = document.createElement( 'style' );\n\t\t\t\t\tstyle.appendChild( document.createTextNode( '#wpforms-277-field_6-container { position: absolute !important; overflow: hidden !important; display: inline !important; height: 1px !important; width: 1px !important; z-index: -1000 !important; padding: 0 !important; } #wpforms-277-field_6-container input { visibility: hidden; } #wpforms-conversational-form-page #wpforms-277-field_6-container label { counter-increment: none; }' ) );\n\t\t\t\t\tdocument.head.appendChild( style );\n\t\t\t\t\tdocument.currentScript?.remove();\n\t\t\t\t} )();\n\t\t\t<\/script><\/div><!-- .wpforms-field-container --><div class=\"wpforms-submit-container\" ><input type=\"hidden\" name=\"wpforms[id]\" value=\"277\"><input type=\"hidden\" name=\"page_title\" value=\"\"><input type=\"hidden\" name=\"page_url\" value=\"https:\/\/www.brazmac.com.br\/index.php?rest_route=\/wp\/v2\/pages\/142\"><input type=\"hidden\" name=\"url_referer\" value=\"\"><button type=\"submit\" name=\"wpforms[submit]\" id=\"wpforms-submit-277\" class=\"wpforms-submit\" data-alt-text=\"Enviando\u2026\" data-submit-text=\"Enviar\" aria-live=\"assertive\" value=\"wpforms-submit\">Enviar<\/button><img loading=\"lazy\" decoding=\"async\" src=\"https:\/\/www.brazmac.com.br\/wp-content\/plugins\/wpforms-lite\/assets\/images\/submit-spin.svg\" class=\"wpforms-submit-spinner\" style=\"display: none;\" width=\"26\" height=\"26\" alt=\"Carregando\"><\/div><\/form><\/div>  <!-- .wpforms-container -->\n\n\n<div style=\"text-align: center; padding: 20px; background-color: #f9f9f9; border-radius: 15px; max-width: 700px; margin: auto; font-family: Arial, sans-serif;\">\n  <p style=\"font-size: 16px; color: #555; line-height: 1.6;\">\n    Caso tenha d\u00favidas, sugest\u00f5es ou precise de informa\u00e7\u00f5es adicionais, entre em contato conosco.\n    <br><br>\n    Se estiver interessado em nossos produtos ou servi\u00e7os, solicite um or\u00e7amento sem compromisso.  \n    Teremos satisfa\u00e7\u00e3o em analisar sua demanda e responderemos o mais breve poss\u00edvel.\n  <\/p>\n\n  <div style=\"display: flex; justify-content: center; gap: 15px; flex-wrap: wrap; margin-top: 20px;\">\n    <a href=\"https:\/\/wa.me\/5544991184235?text=Ol%C3%A1,%20Encontrei%20a%20Brazmac%20pelo%20site.%20Gostaria%20de%20solicitar%20um%20or%C3%A7amento%20e%20saber%20mais%20sobre%20os%20servi%C3%A7os%20oferecidos.%20Pode%20me%20ajudar%3F\"\n       target=\"_blank\"\n       onclick=\"gtag('event', 'clique_whatsapp', {'event_category': 'Contato', 'event_label': 'Botao WhatsApp'});\"\n       style=\"display: flex; align-items: center; gap: 10px; padding: 12px 20px; background-color: #25D366; color: white; text-decoration: none; border-radius: 8px; font-size: 16px; height: 48px; box-shadow: 0 2px 5px rgba(0,0,0,0.2); transition: all 0.3s ease;\">\n      <img loading=\"lazy\" decoding=\"async\" src=\"https:\/\/upload.wikimedia.org\/wikipedia\/commons\/6\/6b\/WhatsApp.svg\" alt=\"WhatsApp\" width=\"20\" height=\"20\">\n      Falar no WhatsApp\n    <\/a>\n\n    <a href=\"mailto:brazmac@brazmac.com.br\"\n       style=\"display: flex; align-items: center; gap: 10px; padding: 12px 20px; background-color: #0072c6; color: white; text-decoration: none; border-radius: 8px; font-size: 16px; height: 48px; box-shadow: 0 2px 5px rgba(0,0,0,0.2); transition: all 0.3s ease;\">\n      <img loading=\"lazy\" decoding=\"async\" src=\"https:\/\/upload.wikimedia.org\/wikipedia\/commons\/4\/4e\/Mail_%28iOS%29.svg\" alt=\"Email\" width=\"20\" height=\"20\">\n      Enviar E-mail\n    <\/a>\n  <\/div>\n<\/div>\n\n<style>\n  a:hover {\n    transform: scale(1.05);\n    box-shadow: 0 4px 12px rgba(0,0,0,0.3);\n  }\n\n  @media screen and (max-width: 500px) {\n    a {\n      width: 100% !important;\n      justify-content: center;\n    }\n  }\n<\/style>\n\n\n\n\n<p><\/p>\n","protected":false},"excerpt":{"rendered":"<p>Caso tenha d\u00favidas, sugest\u00f5es ou precise de informa\u00e7\u00f5es adicionais, entre em contato conosco. Se estiver interessado em nossos produtos ou servi\u00e7os, solicite um or\u00e7amento sem compromisso. Teremos satisfa\u00e7\u00e3o em analisar sua demanda e responderemos o mais breve poss\u00edvel. Falar no WhatsApp Enviar E-mail<\/p>\n","protected":false},"author":1,"featured_media":0,"parent":0,"menu_order":0,"comment_status":"closed","ping_status":"closed","template":"","meta":{"_eb_attr":"","footnotes":""},"class_list":["post-142","page","type-page","status-publish","hentry"],"blocksy_meta":[],"jetpack_sharing_enabled":true,"_links":{"self":[{"href":"https:\/\/www.brazmac.com.br\/index.php?rest_route=\/wp\/v2\/pages\/142","targetHints":{"allow":["GET"]}}],"collection":[{"href":"https:\/\/www.brazmac.com.br\/index.php?rest_route=\/wp\/v2\/pages"}],"about":[{"href":"https:\/\/www.brazmac.com.br\/index.php?rest_route=\/wp\/v2\/types\/page"}],"author":[{"embeddable":true,"href":"https:\/\/www.brazmac.com.br\/index.php?rest_route=\/wp\/v2\/users\/1"}],"replies":[{"embeddable":true,"href":"https:\/\/www.brazmac.com.br\/index.php?rest_route=%2Fwp%2Fv2%2Fcomments&post=142"}],"version-history":[{"count":5,"href":"https:\/\/www.brazmac.com.br\/index.php?rest_route=\/wp\/v2\/pages\/142\/revisions"}],"predecessor-version":[{"id":329,"href":"https:\/\/www.brazmac.com.br\/index.php?rest_route=\/wp\/v2\/pages\/142\/revisions\/329"}],"wp:attachment":[{"href":"https:\/\/www.brazmac.com.br\/index.php?rest_route=%2Fwp%2Fv2%2Fmedia&parent=142"}],"curies":[{"name":"wp","href":"https:\/\/api.w.org\/{rel}","templated":true}]}}